{"id":344,"date":"2018-08-01T01:15:58","date_gmt":"2018-08-01T01:15:58","guid":{"rendered":"https:\/\/www.dafabetaffiliates.com\/vn\/?page_id=344"},"modified":"2019-01-21T08:23:15","modified_gmt":"2019-01-21T08:23:15","slug":"about-us","status":"publish","type":"page","link":"https:\/\/www.dfaff.com\/vn\/about-us\/","title":{"rendered":"V\u1ec1 Ch\u00fang T\u00f4i"},"content":{"rendered":"<p style=\"text-align: left;\">Dafabet l\u00e0 trang web cung c\u1ea5p d\u1ecbch v\u1ee5 tr\u00f2 ch\u01a1i tr\u1ef1c tuy\u1ebfn h\u00e0ng \u0111\u1ea7u Ch\u00e2u \u00c1, bao g\u1ed3m c\u01b0\u1ee3c th\u1ec3 thao, s\u00f2ng b\u1ea1c tr\u1ef1c tuy\u1ebfn, poker tr\u1ef1c tuy\u1ebfn v\u00e0 tr\u00f2 ch\u01a1i tr\u1ef1c tuy\u1ebfn. Ch\u00fang t\u00f4i \u0111\u00e3 v\u00e0 \u0111ang ph\u1ee5c v\u1ee5 th\u1ecb tr\u01b0\u1eddng Ch\u00e2u \u00c1 Th\u00e1i B\u00ecnh D\u01b0\u01a1ng t\u1eeb n\u0103m 2004. C\u00f4ng ty \u0111\u01b0\u1ee3c c\u1ea5p ph\u00e9p v\u00e0 qu\u1ea3n l\u00fd \u0111\u1ea7y \u0111\u1ee7 \u1edf Philippines v\u00e0 Dafabet ho\u1ea1t \u0111\u1ed9ng nghi\u00eam t\u00fac theo ph\u00e1p lu\u1eadt.<\/p>\n<p style=\"text-align: left;\">M\u00f4i tr\u01b0\u1eddng an to\u00e0n, ri\u00eang t\u01b0 v\u00e0 t\u00ednh to\u00e0n v\u1eb9n c\u1ee7a s\u1ea3n ph\u1ea9m l\u00e0 nh\u1eefng \u0111i\u1ec1u \u0111\u01b0\u1ee3c b\u1ea3o \u0111\u1ea3m c\u01a1 b\u1ea3n cho tr\u1ea3i nghi\u1ec7m c\u01b0\u1ee3c tr\u1ef1c tuy\u1ebfn t\u1ea1i Dafabet.com. Ch\u00fang t\u00f4i c\u00f3 c\u00e1c bi\u1ec7n ph\u00e1p b\u1ea3o m\u1eadt ti\u00ean ti\u1ebfn nh\u1ea5t hi\u1ec7n c\u00f3 v\u00e0 li\u00ean t\u1ee5c ki\u1ec3m tra c\u00e1c tr\u00f2 ch\u01a1i. Quy tr\u00ecnh c\u1ee7a ch\u00fang t\u00f4i lu\u00f4n \u0111\u1ea3m b\u1ea3o tr\u1ea3i nghi\u1ec7m \u0111\u1eb7t c\u01b0\u1ee3c tr\u1ef1c tuy\u1ebfn tr\u00ean Internet ho\u00e0n to\u00e0n an to\u00e0n v\u00e0 c\u00f4ng b\u1eb1ng. Ch\u00fang t\u00f4i gi\u1eef b\u00ed m\u1eadt t\u1ea5t c\u1ea3 c\u00e1c th\u00f4ng tin c\u1ee7a b\u1ea1n v\u00e0 ch\u00fang t\u00f4i s\u1ebd kh\u00f4ng bao gi\u1edd chia s\u1ebb ho\u1eb7c b\u00e1n th\u00f4ng tin cho b\u00ean th\u1ee9 ba, tr\u1eeb khi tu\u00e2n th\u1ee7 Ch\u00ednh s\u00e1ch b\u1ea3o m\u1eadt c\u1ee7a ch\u00fang t\u00f4i.<br \/>\nCh\u00fang t\u00f4i lu\u00f4n n\u1ed7 l\u1ef1c cung c\u1ea5p t\u1ef7 l\u1ec7 c\u01b0\u1ee3c t\u1ed1t nh\u1ea5t v\u00e0 h\u00e0ng lo\u1ea1t c\u00e1c th\u1ecb tr\u01b0\u1eddng th\u1ec3 thao v\u00e0 c\u00e1c s\u1ef1 ki\u1ec7n th\u1ec3 thao phong ph\u00fa tr\u00ean to\u00e0n th\u1ebf gi\u1edbi kh\u00e1c. Ch\u00fang t\u00f4i cung c\u1ea5p nhi\u1ec1u tr\u00f2 ch\u01a1i tr\u1ef1c ti\u1ebfp v\u00e0 tr\u00f2 ch\u01a1i slot t\u1ea1i s\u1ea3n ph\u1ea9m Casino c\u1ee7a m\u00ecnh. Ph\u00f2ng poker tr\u1ef1c tuy\u1ebfn c\u1ee7a ch\u00fang t\u00f4i l\u00e0 m\u1ed9t ph\u1ea7n thu\u1ed9c m\u1ea1ng poker tr\u1ef1c tuy\u1ebfn l\u1edbn nh\u1ea5t th\u1ebf gi\u1edbi. T\u1ea1i Dafabet, ch\u00fang t\u00f4i cam k\u1ebft b\u1ea1n s\u1ebd t\u1eadn h\u01b0\u1edfng \u0111\u1eb3ng c\u1ea5p gi\u1ea3i tr\u00ed \u0111\u1eb7t c\u01b0\u1ee3c tr\u1ef1c tuy\u1ebfn t\u1ed1t nh\u1ea5t th\u1ebf gi\u1edbi.<\/p>\n<p style=\"text-align: left;\">V\u1edbi B\u1ed9 Ph\u1eadn H\u1ed7 Tr\u1ee3 Kh\u00e1ch H\u00e0ng 24\/7, nh\u00e2n vi\u00ean ch\u0103m s\u00f3c kh\u00e1ch h\u00e0ng \u0111\u01b0\u1ee3c \u0111\u00e0o t\u1ea1o chuy\u00ean nghi\u1ec7p v\u00e0 th\u00e2n thi\u1ec7n c\u1ee7a ch\u00fang t\u00f4i s\u1ebd \u0111\u1ea3m b\u1ea3o r\u1eb1ng m\u1ecdi th\u1eafc m\u1eafc \u0111\u1ec1u \u0111\u01b0\u1ee3c x\u1eed l\u00fd v\u00e0 gi\u1ea3i quy\u1ebft nhanh ch\u00f3ng, l\u1ecbch s\u1ef1 v\u00e0 hi\u1ec7u qu\u1ea3.<br \/>\nS\u1ee9 m\u1ec7nh c\u1ee7a ch\u00fang t\u00f4i l\u00e0 cung c\u1ea5p tr\u1ea3i nghi\u1ec7m \u0111\u1eb7t c\u01b0\u1ee3c tr\u1ef1c tuy\u1ebfn t\u1ed1t nh\u1ea5t cho ng\u01b0\u1eddi ch\u01a1i c\u00f3 tr\u00e1ch nhi\u1ec7m. N\u1ebfu c\u00f3 b\u1ea5t k\u1ef3 nh\u1eadn x\u00e9t hay \u0111\u1ec1 xu\u1ea5t g\u00ec, xin vui l\u00f2ng li\u00ean h\u1ec7 v\u1edbi ch\u00fang t\u00f4i qua \u0111i\u1ec7n tho\u1ea1i ho\u1eb7c email.<br \/>\nCh\u00fang t\u00f4i cung c\u1ea5p nhi\u1ec1u ph\u01b0\u01a1ng th\u1ee9c thanh to\u00e1n an to\u00e0n v\u00e0 d\u1ec5 d\u00e0ng \u0111\u1ec3 thu\u1eadn ti\u1ec7n cho ng\u01b0\u1eddi ch\u01a1i. Ch\u00fang t\u00f4i tu\u00e2n th\u1ee7 c\u00e1c ch\u00ednh s\u00e1ch \u201cHi\u1ec3u bi\u1ebft kh\u00e1ch h\u00e0ng c\u1ee7a b\u1ea1n (KYC)\u201d v\u00e0 ch\u1ed1ng r\u1eeda ti\u1ec1n (AML) v\u00e0 h\u1ee3p t\u00e1c v\u1edbi c\u00e1c c\u01a1 quan t\u00e0i ch\u00ednh v\u00e0 qu\u1ea3n l\u00fd c\u1ee7a b\u00ean th\u1ee9 ba \u0111\u1ec3 \u0111\u1ea3m b\u1ea3o c\u00e1c ti\u00eau chu\u1ea9n \u0111\u01b0\u1ee3c tu\u00e2n th\u1ee7 ch\u1eb7t ch\u1ebd.<\/p>\n","protected":false},"excerpt":{"rendered":"Dafabet l\u00e0 trang web cung c\u1ea5p d\u1ecbch v\u1ee5 tr\u00f2 ch\u01a1i tr\u1ef1c tuy\u1ebfn h\u00e0ng \u0111\u1ea7u Ch\u00e2u \u00c1, bao g\u1ed3m c\u01b0\u1ee3c th\u1ec3 thao, s\u00f2ng b\u1ea1c tr\u1ef1c tuy\u1ebfn, poker tr\u1ef1c tuy\u1ebfn v\u00e0 tr\u00f2 ch\u01a1i tr\u1ef1c tuy\u1ebfn. Ch\u00fang t\u00f4i \u0111\u00e3 v\u00e0 \u0111ang ph\u1ee5c v\u1ee5 th\u1ecb tr\u01b0\u1eddng Ch\u00e2u \u00c1 Th\u00e1i B\u00ecnh D\u01b0\u01a1ng t\u1eeb n\u0103m 2004. C\u00f4ng ty \u0111\u01b0\u1ee3c c\u1ea5p ph\u00e9p&#8230; <a class=\"view-article\" href=\"https:\/\/www.dfaff.com\/vn\/about-us\/\">View Article<\/a>","protected":false},"author":3,"featured_media":0,"parent":0,"menu_order":0,"comment_status":"closed","ping_status":"closed","template":"","meta":{"_acf_changed":false,"footnotes":""},"class_list":["post-344","page","type-page","status-publish","hentry"],"acf":[],"yoast_head":"<!-- This site is optimized with the Yoast SEO plugin v27.3 - https:\/\/yoast.com\/product\/yoast-seo-wordpress\/ -->\n<title>V\u1ec1 Ch\u00fang T\u00f4i<\/title>\n<meta name=\"robots\" content=\"index, follow, max-snippet:-1, max-image-preview:large, max-video-preview:-1\" \/>\n<link rel=\"canonical\" href=\"https:\/\/www.dfaff.com\/vn\/about-us\/\" \/>\n<meta property=\"og:locale\" content=\"en_US\" \/>\n<meta property=\"og:type\" content=\"article\" \/>\n<meta property=\"og:title\" content=\"V\u1ec1 Ch\u00fang T\u00f4i\" \/>\n<meta property=\"og:description\" content=\"Dafabet l\u00e0 trang web cung c\u1ea5p d\u1ecbch v\u1ee5 tr\u00f2 ch\u01a1i tr\u1ef1c tuy\u1ebfn h\u00e0ng \u0111\u1ea7u Ch\u00e2u \u00c1, bao g\u1ed3m c\u01b0\u1ee3c th\u1ec3 thao, s\u00f2ng b\u1ea1c tr\u1ef1c tuy\u1ebfn, poker tr\u1ef1c tuy\u1ebfn v\u00e0 tr\u00f2 ch\u01a1i tr\u1ef1c tuy\u1ebfn. Ch\u00fang t\u00f4i \u0111\u00e3 v\u00e0 \u0111ang ph\u1ee5c v\u1ee5 th\u1ecb tr\u01b0\u1eddng Ch\u00e2u \u00c1 Th\u00e1i B\u00ecnh D\u01b0\u01a1ng t\u1eeb n\u0103m 2004. C\u00f4ng ty \u0111\u01b0\u1ee3c c\u1ea5p ph\u00e9p... View Article\" \/>\n<meta property=\"og:url\" content=\"https:\/\/www.dfaff.com\/vn\/about-us\/\" \/>\n<meta property=\"og:site_name\" content=\"Ch\u01b0\u01a1ng Tr\u00ecnh \u0110\u1ea1i L\u00fd t\u1ea1i Dafabet.com\" \/>\n<meta property=\"article:modified_time\" content=\"2019-01-21T08:23:15+00:00\" \/>\n<meta name=\"twitter:card\" content=\"summary_large_image\" \/>\n<meta name=\"twitter:label1\" content=\"Est. reading time\" \/>\n\t<meta name=\"twitter:data1\" content=\"3 minutes\" \/>\n<script type=\"application\/ld+json\" class=\"yoast-schema-graph\">{\"@context\":\"https:\\\/\\\/schema.org\",\"@graph\":[{\"@type\":\"WebPage\",\"@id\":\"https:\\\/\\\/www.dfaff.com\\\/vn\\\/about-us\\\/\",\"url\":\"https:\\\/\\\/www.dfaff.com\\\/vn\\\/about-us\\\/\",\"name\":\"V\u1ec1 Ch\u00fang T\u00f4i\",\"isPartOf\":{\"@id\":\"https:\\\/\\\/www.dfaff.com\\\/vn\\\/#website\"},\"datePublished\":\"2018-08-01T01:15:58+00:00\",\"dateModified\":\"2019-01-21T08:23:15+00:00\",\"breadcrumb\":{\"@id\":\"https:\\\/\\\/www.dfaff.com\\\/vn\\\/about-us\\\/#breadcrumb\"},\"inLanguage\":\"en-US\",\"potentialAction\":[{\"@type\":\"ReadAction\",\"target\":[\"https:\\\/\\\/www.dfaff.com\\\/vn\\\/about-us\\\/\"]}]},{\"@type\":\"BreadcrumbList\",\"@id\":\"https:\\\/\\\/www.dfaff.com\\\/vn\\\/about-us\\\/#breadcrumb\",\"itemListElement\":[{\"@type\":\"ListItem\",\"position\":1,\"name\":\"Home\",\"item\":\"https:\\\/\\\/www.dfaff.com\\\/vn\\\/\"},{\"@type\":\"ListItem\",\"position\":2,\"name\":\"V\u1ec1 Ch\u00fang T\u00f4i\"}]},{\"@type\":\"WebSite\",\"@id\":\"https:\\\/\\\/www.dfaff.com\\\/vn\\\/#website\",\"url\":\"https:\\\/\\\/www.dfaff.com\\\/vn\\\/\",\"name\":\"Ch\u01b0\u01a1ng Tr\u00ecnh \u0110\u1ea1i L\u00fd t\u1ea1i Dafabet.com\",\"description\":\"\",\"potentialAction\":[{\"@type\":\"SearchAction\",\"target\":{\"@type\":\"EntryPoint\",\"urlTemplate\":\"https:\\\/\\\/www.dfaff.com\\\/vn\\\/?s={search_term_string}\"},\"query-input\":{\"@type\":\"PropertyValueSpecification\",\"valueRequired\":true,\"valueName\":\"search_term_string\"}}],\"inLanguage\":\"en-US\"}]}<\/script>\n<!-- \/ Yoast SEO plugin. -->","yoast_head_json":{"title":"V\u1ec1 Ch\u00fang T\u00f4i","robots":{"index":"index","follow":"follow","max-snippet":"max-snippet:-1","max-image-preview":"max-image-preview:large","max-video-preview":"max-video-preview:-1"},"canonical":"https:\/\/www.dfaff.com\/vn\/about-us\/","og_locale":"en_US","og_type":"article","og_title":"V\u1ec1 Ch\u00fang T\u00f4i","og_description":"Dafabet l\u00e0 trang web cung c\u1ea5p d\u1ecbch v\u1ee5 tr\u00f2 ch\u01a1i tr\u1ef1c tuy\u1ebfn h\u00e0ng \u0111\u1ea7u Ch\u00e2u \u00c1, bao g\u1ed3m c\u01b0\u1ee3c th\u1ec3 thao, s\u00f2ng b\u1ea1c tr\u1ef1c tuy\u1ebfn, poker tr\u1ef1c tuy\u1ebfn v\u00e0 tr\u00f2 ch\u01a1i tr\u1ef1c tuy\u1ebfn. Ch\u00fang t\u00f4i \u0111\u00e3 v\u00e0 \u0111ang ph\u1ee5c v\u1ee5 th\u1ecb tr\u01b0\u1eddng Ch\u00e2u \u00c1 Th\u00e1i B\u00ecnh D\u01b0\u01a1ng t\u1eeb n\u0103m 2004. C\u00f4ng ty \u0111\u01b0\u1ee3c c\u1ea5p ph\u00e9p... View Article","og_url":"https:\/\/www.dfaff.com\/vn\/about-us\/","og_site_name":"Ch\u01b0\u01a1ng Tr\u00ecnh \u0110\u1ea1i L\u00fd t\u1ea1i Dafabet.com","article_modified_time":"2019-01-21T08:23:15+00:00","twitter_card":"summary_large_image","twitter_misc":{"Est. reading time":"3 minutes"},"schema":{"@context":"https:\/\/schema.org","@graph":[{"@type":"WebPage","@id":"https:\/\/www.dfaff.com\/vn\/about-us\/","url":"https:\/\/www.dfaff.com\/vn\/about-us\/","name":"V\u1ec1 Ch\u00fang T\u00f4i","isPartOf":{"@id":"https:\/\/www.dfaff.com\/vn\/#website"},"datePublished":"2018-08-01T01:15:58+00:00","dateModified":"2019-01-21T08:23:15+00:00","breadcrumb":{"@id":"https:\/\/www.dfaff.com\/vn\/about-us\/#breadcrumb"},"inLanguage":"en-US","potentialAction":[{"@type":"ReadAction","target":["https:\/\/www.dfaff.com\/vn\/about-us\/"]}]},{"@type":"BreadcrumbList","@id":"https:\/\/www.dfaff.com\/vn\/about-us\/#breadcrumb","itemListElement":[{"@type":"ListItem","position":1,"name":"Home","item":"https:\/\/www.dfaff.com\/vn\/"},{"@type":"ListItem","position":2,"name":"V\u1ec1 Ch\u00fang T\u00f4i"}]},{"@type":"WebSite","@id":"https:\/\/www.dfaff.com\/vn\/#website","url":"https:\/\/www.dfaff.com\/vn\/","name":"Ch\u01b0\u01a1ng Tr\u00ecnh \u0110\u1ea1i L\u00fd t\u1ea1i Dafabet.com","description":"","potentialAction":[{"@type":"SearchAction","target":{"@type":"EntryPoint","urlTemplate":"https:\/\/www.dfaff.com\/vn\/?s={search_term_string}"},"query-input":{"@type":"PropertyValueSpecification","valueRequired":true,"valueName":"search_term_string"}}],"inLanguage":"en-US"}]}},"_links":{"self":[{"href":"https:\/\/www.dfaff.com\/vn\/wp-json\/wp\/v2\/pages\/344","targetHints":{"allow":["GET"]}}],"collection":[{"href":"https:\/\/www.dfaff.com\/vn\/wp-json\/wp\/v2\/pages"}],"about":[{"href":"https:\/\/www.dfaff.com\/vn\/wp-json\/wp\/v2\/types\/page"}],"author":[{"embeddable":true,"href":"https:\/\/www.dfaff.com\/vn\/wp-json\/wp\/v2\/users\/3"}],"replies":[{"embeddable":true,"href":"https:\/\/www.dfaff.com\/vn\/wp-json\/wp\/v2\/comments?post=344"}],"version-history":[{"count":10,"href":"https:\/\/www.dfaff.com\/vn\/wp-json\/wp\/v2\/pages\/344\/revisions"}],"predecessor-version":[{"id":694,"href":"https:\/\/www.dfaff.com\/vn\/wp-json\/wp\/v2\/pages\/344\/revisions\/694"}],"wp:attachment":[{"href":"https:\/\/www.dfaff.com\/vn\/wp-json\/wp\/v2\/media?parent=344"}],"curies":[{"name":"wp","href":"https:\/\/api.w.org\/{rel}","templated":true}]}}