{"id":348,"date":"2018-08-01T01:16:30","date_gmt":"2018-08-01T01:16:30","guid":{"rendered":"https:\/\/www.dafabetaffiliates.com\/pt\/?page_id=348"},"modified":"2019-04-04T10:48:38","modified_gmt":"2019-04-04T10:48:38","slug":"revenueshare-casino-livedealer","status":"publish","type":"page","link":"https:\/\/www.dfaff.com\/pt\/revenueshare-casino-livedealer\/","title":{"rendered":"PARTICIPA\u00c7\u00c3O NOS LUCROS"},"content":{"rendered":"<p style=\"text-align: center;\"><strong>DAFABET AFILIADOS \u00a0PARTICIPA\u00c7\u00c3O NOS LUCROS<\/strong><\/p>\n<p style=\"text-align: left;\">1. Voc\u00ea ganhar\u00e1 uma taxa inicial de 30% de participa\u00e7\u00e3o nos lucros do Programa de Afiliados Dafabet conforme abaixo. Quanto mais receita voc\u00ea gerar, mais ganhar\u00e1. Voc\u00ea receber\u00e1 um lucro recorrente de seus jogadores m\u00eas ap\u00f3s m\u00eas \u2013 enquanto os mesmos estiverem ativos e o seu Acordo com a Dafabet permanece v\u00e1lido e subsistente de acordo com os seus termos e condi\u00e7\u00f5es.<\/p>\n<p style=\"text-align: left;\">2. Pagaremos a voc\u00ea uma parte da receita, que \u00e9 uma porcentagem do total da Receita L\u00edquida mensal a ser reproduzida em qualquer um dos nossos Sites. Quanto mais jogadores voc\u00ea indicar e quanto mais dep\u00f3sitos e receita esses jogadores gerarem, mais voc\u00ea ganhar\u00e1. Voc\u00ea receber\u00e1 um lucro recorrente de seus jogadores m\u00eas ap\u00f3s m\u00eas enquanto sua atividade de jogo continuar e seu contrato conosco permanecer v\u00e1lido e n\u00e3o tiver sido rescindido de acordo com seus termos.<\/p>\n<table>\n<tbody>\n<tr>\n<td width=\"208\">Escala de Receita L\u00edquida<\/td>\n<td width=\"208\">Participa\u00e7\u00e3o<\/td>\n<\/tr>\n<tr>\n<td width=\"208\">USD 1 \u2013 4,999<\/td>\n<td width=\"208\">30%<\/td>\n<\/tr>\n<tr>\n<td width=\"208\">USD 5,000 \u2013 29,999<\/td>\n<td width=\"208\">35%<\/td>\n<\/tr>\n<tr>\n<td width=\"208\">USD 30,000+<\/td>\n<td width=\"208\">40%<\/td>\n<\/tr>\n<\/tbody>\n<\/table>\n<p style=\"text-align: left;\">3. Voc\u00ea ir\u00e1 ganhar um percentual da receita com base na receita gerada pelos seus Jogadores em Dinheiro Real Clientes. Entende-se por lucro liqu\u00eddo:<\/p>\n<p style=\"text-align: left;\">DAFABET CASINO- Apostas totais dos jogadores indicados menos (a) vit\u00f3rias totais, (b) b\u00f4nus, (c) pr\u00eamios, (d) taxas de administra\u00e7\u00e3o e (e) atividade de conta de fraude. A diferen\u00e7a \u00e9 ent\u00e3o multiplicada pelo percentual de participa\u00e7\u00e3o na receita acima, dependendo da taxa de escala.<\/p>\n<p style=\"text-align: left;\">DAFABET DEALER AO-VIVO \u2013\u00a0\u00a0 apostas totais dos jogadores referidos menos (a) total de ganhos, (b\u00f4nus), (c) pr\u00eamios e (d) taxas administrativas (15% da receita bruta). A diferen\u00e7a \u00e9 ent\u00e3o multiplicada pelo percentual de participa\u00e7\u00e3o na receita acima, dependendo da taxa de escala.<\/p>\n<p style=\"text-align: left;\">DAFABET ESPORTES &#8211; Apostas totais dos jogadores referenciadas menos (a) ganhos totais (b\u00f4nus) e (c) taxas de administra\u00e7\u00e3o (24% da receita l\u00edquida), (d) atividade de conta fraudulenta. A diferen\u00e7a \u00e9 ent\u00e3o multiplicada pelo percentual de participa\u00e7\u00e3o da receita acima, dependendo<\/p>\n<p style=\"text-align: left;\">TODOS OS OUTROS PRODUTOS DA DAFABET &#8211; As apostas totais dos jogadores indicados s\u00e3o menores (a) vit\u00f3rias totais, (b) b\u00f4nus, (c) pr\u00eamios e (d) atividade de conta de fraude. A diferen\u00e7a \u00e9 ent\u00e3o multiplicada pelo percentual de participa\u00e7\u00e3o da receita acima, dependendo da taxa de escala.<\/p>\n<p style=\"text-align: left;\">* Para os jogadores de um Afiliado que se inscreveram no Dafabet antes da implementa\u00e7\u00e3o dos novos termos do Programa de Afiliados, em agosto de 2018, os planos de recompensa j\u00e1 definidos para suas contas a partir de agosto de 2018 ser\u00e3o retidos e aplicados de acordo. Detalhes do antigo plano de recompensa podem ser encontrados aqui.<\/p>\n<p style=\"text-align: left;\">4. Para evitar d\u00favidas, a aplica\u00e7\u00e3o da Participa\u00e7\u00e3o na Receita na Receita L\u00edquida mensal \u00e9 em base de escala, ou seja, se a Receita L\u00edquida atingir o N\u00edvel 1, a taxa aumentada da Participa\u00e7\u00e3o na Receita s\u00f3 ser\u00e1 aplicada \u00e0 quantia em excesso do n\u00edvel anterior.<\/p>\n<p style=\"text-align: left;\">5. Sua participa\u00e7\u00e3o nos lucros ser\u00e1 revisada a cada m\u00eas e estar\u00e1 sujeita a um upgrade ou downgrade, dependendo da taxa de escala. Para ter direito \u00e0 sua participa\u00e7\u00e3o nos lucros, voc\u00ea precisa manter um m\u00ednimo de cinco (5) Jogadores em Dinheiro Real por m\u00eas. Durante os primeiros tr\u00eas meses deste Contrato, o Afiliado dever\u00e1 manter um m\u00ednimo de tr\u00eas (3) jogadores ativos, ap\u00f3s o qual, os cinco (5) requisitos de jogadores ativos entrar\u00e3o em vigor.<\/p>\n<p style=\"text-align: left;\">6. Se voc\u00ea n\u00e3o promover continuamente o Site, isso ser\u00e1 considerado uma quebra de contrato e levar\u00e1 automaticamente \u00e0 rescis\u00e3o deste Contrato, e quaisquer outras reclama\u00e7\u00f5es sobre a divis\u00e3o de receita futura ser\u00e3o consideradas como renunciadas.<\/p>\n<p style=\"text-align: left;\">7. Programa de N\u00edvel Dafa. Voc\u00ea tamb\u00e9m pode convidar outras pessoas (familiares pr\u00f3ximos e parentes n\u00e3o \u00e9 permitido) para se tornarem seus afiliados no Programa de N\u00edvel. O Programa de N\u00edvel pode ajud\u00e1-lo a ganhar comiss\u00f5es adicionais de seus sub-afiliados. A estrutura de comiss\u00f5es para o Programa de N\u00edvel est\u00e1 listada abaixo:<\/p>\n<p style=\"text-align: left;\">Casino Sub-Afiliado*<br \/>\n1 \u00ba n\u00edvel (Top Afiliado Casino) 25%<br \/>\n2 \u00ba n\u00edvel (Sub- Afiliado) 3%<\/p>\n<p style=\"text-align: left;\">\u00a0* * Se voc\u00ea deseja apresentar um sub-afiliado, envie uma solicita\u00e7\u00e3o de e-mail para aprova\u00e7\u00e3o para afiliados.br@dafabet.com.<\/p>\n<p style=\"text-align: left;\">8. Dedu\u00e7\u00e3o dos pagamentos. Se os seus jogadores estiverem envolvidos em quaisquer problemas fraudulentos, o gerente do Programa de Afiliados Dafa tem o direito de deduzir da sua participa\u00e7\u00e3o nos lucros os fundos retidos ou remover a conta do jogador de seus jogadores indicados registrados.<\/p>\n<p style=\"text-align: left;\">9. \u201cCharge-back\u201d: O titular do cart\u00e3o de cr\u00e9dito descobre transa\u00e7\u00f5es irregulares feitas em seu cart\u00e3o de cr\u00e9dito \/ d\u00e9bito, que n\u00e3o foi autorizado por ele. O titular do cart\u00e3o de cr\u00e9dito solicita ao seu banco que inverta essas cobran\u00e7as. As cobran\u00e7as referem-se ao uso fraudulento por terceiros do cart\u00e3o do titular do cart\u00e3o de cr\u00e9dito ou do n\u00famero do cart\u00e3o.<\/p>\n<p style=\"padding-left: 40px; text-align: left;\">9.1\u00a0\u00a0\u00a0\u00a0\u00a0\u00a0 Se o seu jogador indicado processar uma cobran\u00e7a, a receita contestada ou devolu\u00e7\u00e3o n\u00e3o haver\u00e1 inclus\u00e3o para fins de c\u00e1lculo da divis\u00e3o da receita devida a voc\u00ea no m\u00eas atual.<\/p>\n<p style=\"padding-left: 40px; text-align: left;\">9.2\u00a0\u00a0\u00a0\u00a0\u00a0\u00a0 Se essa dedu\u00e7\u00e3o da receita acumulada exceder seu valor atual, seu saldo ser\u00e1 revertido para um saldo negativo e voc\u00ea ter\u00e1 que gerar receita para cobrir o reembolso antes de come\u00e7ar a gerar receita novamente.<\/p>\n<p style=\"padding-left: 40px; text-align: left;\">9.3\u00a0\u00a0\u00a0\u00a0\u00a0\u00a0 Ao contr\u00e1rio do que acontece quando um jogador ganha uma grande vit\u00f3ria, que dura apenas um m\u00eas, a cobran\u00e7a ser\u00e1 devida at\u00e9 que a receita gerada pelos outros jogadores tenha coberto o valor devido. Entendemos que isso pode ser frustrante para os afiliados, mas \u00e9 preciso deixar claro que s\u00f3 podemos pagar a sua participa\u00e7\u00e3o nos lucros a partir de uma porcentagem dos lucros do jogador indicado e n\u00e3o por receita fraudulenta.<\/p>\n<p style=\"text-align: left;\">10. Forma de pagamento. Pagaremos sua comiss\u00e3o no 12\u00ba dia \u00fatil de cada m\u00eas (UTC + 8). No entanto, um afiliado deve ganhar um m\u00ednimo de US$ 100 por pagamento e ter um m\u00ednimo de cinco (5) jogadores ativos em dinheiro real para que sua comiss\u00e3o seja processada e paga.<\/p>\n<p style=\"padding-left: 40px; text-align: left;\">10.1 Se um afiliado n\u00e3o conseguir atingir o valor m\u00ednimo estipulado em um determinado m\u00eas, o valor ganho ser\u00e1 encaminhado para o pr\u00f3ximo m\u00eas at\u00e9 que o m\u00ednimo seja atingido. Se a conta estiver negativa (ou seja, os ganhos do cliente excederem a perda do cliente), o valor negativo ser\u00e1 transferido para o (s) m\u00eas (es) seguinte (s). O compartilhamento de receita ser\u00e1 baseado em nosso c\u00e1lculo, com base em nossas estat\u00edsticas. Saldos de comiss\u00f5es negativas ser\u00e3o deduzidos das comiss\u00f5es dispon\u00edveis.<\/p>\n<p style=\"padding-left: 40px; text-align: left;\">10.2 Da mesma forma, se os afiliados n\u00e3o conseguirem garantir cinco (5) jogadores em dinheiro real ativos ap\u00f3s o per\u00edodo de tr\u00eas (3) meses estipulado acima, todos os ganhos para o m\u00eas ser\u00e3o antecipados no m\u00eas seguinte. Nenhum pagamento ser\u00e1 emitido at\u00e9 que este crit\u00e9rio seja cumprido.<\/p>\n<p style=\"text-align: left;\">11. A taxa de processamento de 10% ser\u00e1 deduzida nos pagamentos banc\u00e1rios para cobrir as taxas de processamento banc\u00e1rio para saldos de pagamento de afiliados inferiores a USD200.<\/p>\n<p style=\"padding-left: 40px; text-align: left;\">11.1 Todos os pagamentos ser\u00e3o pagos em USD. Qualquer pedido por e-mail deve ser feito usando afiliados.br@dafabet.com.<\/p>\n<p style=\"padding-left: 40px; text-align: left;\">11.2 Todos os valores que voc\u00ea ganhar, de acordo com o Contrato s\u00e3o exclusivos de todos os encargos, impostos (incluindo o Imposto sobre o Valor Agregado, quando aplic\u00e1vel), impostos, taxas, impostos especiais de consumo ou tarifas. Tais encargos, impostos, taxas, impostos especiais de consumo ou tarifas ser\u00e3o para sua conta na taxa vigente no momento em que a parte da receita for paga. Para evitar d\u00favidas, voc\u00ea ser\u00e1 o \u00fanico e principal respons\u00e1vel por quaisquer impostos cobrados da parte da receita pela autoridade fiscal na jurisdi\u00e7\u00e3o na qual voc\u00ea est\u00e1 domiciliado para fins de imposto de renda. No caso de a Dafabet ser obrigada a reter qualquer imposto pag\u00e1vel e imposto por uma autoridade fiscal em qualquer jurisdi\u00e7\u00e3o onde a Dafabet opere, voc\u00ea ser\u00e1 o \u00fanico respons\u00e1vel pelo pagamento de tal imposto e voc\u00ea n\u00e3o ter\u00e1 o direito de recuperar qualquer imposto da Dafabet.<\/p>\n","protected":false},"excerpt":{"rendered":"DAFABET AFILIADOS \u00a0PARTICIPA\u00c7\u00c3O NOS LUCROS 1. Voc\u00ea ganhar\u00e1 uma taxa inicial de 30% de participa\u00e7\u00e3o nos lucros do Programa de Afiliados Dafabet conforme abaixo. Quanto mais receita voc\u00ea gerar, mais ganhar\u00e1. Voc\u00ea receber\u00e1 um lucro recorrente de seus jogadores m\u00eas ap\u00f3s m\u00eas \u2013 enquanto os mesmos estiverem ativos e o seu Acordo com a Dafabet&#8230; <a class=\"view-article\" href=\"https:\/\/www.dfaff.com\/pt\/revenueshare-casino-livedealer\/\">View Article<\/a>","protected":false},"author":3,"featured_media":0,"parent":0,"menu_order":0,"comment_status":"closed","ping_status":"closed","template":"","meta":{"_acf_changed":false,"footnotes":""},"class_list":["post-348","page","type-page","status-publish","hentry"],"acf":[],"yoast_head":"<!-- This site is optimized with the Yoast SEO plugin v27.5 - https:\/\/yoast.com\/product\/yoast-seo-wordpress\/ -->\n<title>PARTICIPA\u00c7\u00c3O NOS LUCROS - Programa de Marketing de Afiliados na Dafabet.com<\/title>\n<meta name=\"robots\" content=\"index, follow, max-snippet:-1, max-image-preview:large, max-video-preview:-1\" \/>\n<link rel=\"canonical\" href=\"https:\/\/www.dfaff.com\/pt\/revenueshare-casino-livedealer\/\" \/>\n<meta property=\"og:locale\" content=\"en_US\" \/>\n<meta property=\"og:type\" content=\"article\" \/>\n<meta property=\"og:title\" content=\"PARTICIPA\u00c7\u00c3O NOS LUCROS - Programa de Marketing de Afiliados na Dafabet.com\" \/>\n<meta property=\"og:description\" content=\"DAFABET AFILIADOS \u00a0PARTICIPA\u00c7\u00c3O NOS LUCROS 1. Voc\u00ea ganhar\u00e1 uma taxa inicial de 30% de participa\u00e7\u00e3o nos lucros do Programa de Afiliados Dafabet conforme abaixo. Quanto mais receita voc\u00ea gerar, mais ganhar\u00e1. Voc\u00ea receber\u00e1 um lucro recorrente de seus jogadores m\u00eas ap\u00f3s m\u00eas \u2013 enquanto os mesmos estiverem ativos e o seu Acordo com a Dafabet... View Article\" \/>\n<meta property=\"og:url\" content=\"https:\/\/www.dfaff.com\/pt\/revenueshare-casino-livedealer\/\" \/>\n<meta property=\"og:site_name\" content=\"Programa de Marketing de Afiliados na Dafabet.com\" \/>\n<meta property=\"article:modified_time\" content=\"2019-04-04T10:48:38+00:00\" \/>\n<meta name=\"twitter:card\" content=\"summary_large_image\" \/>\n<meta name=\"twitter:label1\" content=\"Est. reading time\" \/>\n\t<meta name=\"twitter:data1\" content=\"7 minutes\" \/>\n<script type=\"application\/ld+json\" class=\"yoast-schema-graph\">{\"@context\":\"https:\\\/\\\/schema.org\",\"@graph\":[{\"@type\":\"WebPage\",\"@id\":\"https:\\\/\\\/www.dfaff.com\\\/pt\\\/revenueshare-casino-livedealer\\\/\",\"url\":\"https:\\\/\\\/www.dfaff.com\\\/pt\\\/revenueshare-casino-livedealer\\\/\",\"name\":\"PARTICIPA\u00c7\u00c3O NOS LUCROS - Programa de Marketing de Afiliados na Dafabet.com\",\"isPartOf\":{\"@id\":\"https:\\\/\\\/www.dfaff.com\\\/pt\\\/#website\"},\"datePublished\":\"2018-08-01T01:16:30+00:00\",\"dateModified\":\"2019-04-04T10:48:38+00:00\",\"breadcrumb\":{\"@id\":\"https:\\\/\\\/www.dfaff.com\\\/pt\\\/revenueshare-casino-livedealer\\\/#breadcrumb\"},\"inLanguage\":\"en-US\",\"potentialAction\":[{\"@type\":\"ReadAction\",\"target\":[\"https:\\\/\\\/www.dfaff.com\\\/pt\\\/revenueshare-casino-livedealer\\\/\"]}]},{\"@type\":\"BreadcrumbList\",\"@id\":\"https:\\\/\\\/www.dfaff.com\\\/pt\\\/revenueshare-casino-livedealer\\\/#breadcrumb\",\"itemListElement\":[{\"@type\":\"ListItem\",\"position\":1,\"name\":\"Home\",\"item\":\"https:\\\/\\\/www.dfaff.com\\\/pt\\\/\"},{\"@type\":\"ListItem\",\"position\":2,\"name\":\"PARTICIPA\u00c7\u00c3O NOS LUCROS\"}]},{\"@type\":\"WebSite\",\"@id\":\"https:\\\/\\\/www.dfaff.com\\\/pt\\\/#website\",\"url\":\"https:\\\/\\\/www.dfaff.com\\\/pt\\\/\",\"name\":\"Programa de Marketing de Afiliados na Dafabet.com\",\"description\":\"\",\"potentialAction\":[{\"@type\":\"SearchAction\",\"target\":{\"@type\":\"EntryPoint\",\"urlTemplate\":\"https:\\\/\\\/www.dfaff.com\\\/pt\\\/?s={search_term_string}\"},\"query-input\":{\"@type\":\"PropertyValueSpecification\",\"valueRequired\":true,\"valueName\":\"search_term_string\"}}],\"inLanguage\":\"en-US\"}]}<\/script>\n<!-- \/ Yoast SEO plugin. -->","yoast_head_json":{"title":"PARTICIPA\u00c7\u00c3O NOS LUCROS - Programa de Marketing de Afiliados na Dafabet.com","robots":{"index":"index","follow":"follow","max-snippet":"max-snippet:-1","max-image-preview":"max-image-preview:large","max-video-preview":"max-video-preview:-1"},"canonical":"https:\/\/www.dfaff.com\/pt\/revenueshare-casino-livedealer\/","og_locale":"en_US","og_type":"article","og_title":"PARTICIPA\u00c7\u00c3O NOS LUCROS - Programa de Marketing de Afiliados na Dafabet.com","og_description":"DAFABET AFILIADOS \u00a0PARTICIPA\u00c7\u00c3O NOS LUCROS 1. Voc\u00ea ganhar\u00e1 uma taxa inicial de 30% de participa\u00e7\u00e3o nos lucros do Programa de Afiliados Dafabet conforme abaixo. Quanto mais receita voc\u00ea gerar, mais ganhar\u00e1. Voc\u00ea receber\u00e1 um lucro recorrente de seus jogadores m\u00eas ap\u00f3s m\u00eas \u2013 enquanto os mesmos estiverem ativos e o seu Acordo com a Dafabet... View Article","og_url":"https:\/\/www.dfaff.com\/pt\/revenueshare-casino-livedealer\/","og_site_name":"Programa de Marketing de Afiliados na Dafabet.com","article_modified_time":"2019-04-04T10:48:38+00:00","twitter_card":"summary_large_image","twitter_misc":{"Est. reading time":"7 minutes"},"schema":{"@context":"https:\/\/schema.org","@graph":[{"@type":"WebPage","@id":"https:\/\/www.dfaff.com\/pt\/revenueshare-casino-livedealer\/","url":"https:\/\/www.dfaff.com\/pt\/revenueshare-casino-livedealer\/","name":"PARTICIPA\u00c7\u00c3O NOS LUCROS - Programa de Marketing de Afiliados na Dafabet.com","isPartOf":{"@id":"https:\/\/www.dfaff.com\/pt\/#website"},"datePublished":"2018-08-01T01:16:30+00:00","dateModified":"2019-04-04T10:48:38+00:00","breadcrumb":{"@id":"https:\/\/www.dfaff.com\/pt\/revenueshare-casino-livedealer\/#breadcrumb"},"inLanguage":"en-US","potentialAction":[{"@type":"ReadAction","target":["https:\/\/www.dfaff.com\/pt\/revenueshare-casino-livedealer\/"]}]},{"@type":"BreadcrumbList","@id":"https:\/\/www.dfaff.com\/pt\/revenueshare-casino-livedealer\/#breadcrumb","itemListElement":[{"@type":"ListItem","position":1,"name":"Home","item":"https:\/\/www.dfaff.com\/pt\/"},{"@type":"ListItem","position":2,"name":"PARTICIPA\u00c7\u00c3O NOS LUCROS"}]},{"@type":"WebSite","@id":"https:\/\/www.dfaff.com\/pt\/#website","url":"https:\/\/www.dfaff.com\/pt\/","name":"Programa de Marketing de Afiliados na Dafabet.com","description":"","potentialAction":[{"@type":"SearchAction","target":{"@type":"EntryPoint","urlTemplate":"https:\/\/www.dfaff.com\/pt\/?s={search_term_string}"},"query-input":{"@type":"PropertyValueSpecification","valueRequired":true,"valueName":"search_term_string"}}],"inLanguage":"en-US"}]}},"_links":{"self":[{"href":"https:\/\/www.dfaff.com\/pt\/wp-json\/wp\/v2\/pages\/348","targetHints":{"allow":["GET"]}}],"collection":[{"href":"https:\/\/www.dfaff.com\/pt\/wp-json\/wp\/v2\/pages"}],"about":[{"href":"https:\/\/www.dfaff.com\/pt\/wp-json\/wp\/v2\/types\/page"}],"author":[{"embeddable":true,"href":"https:\/\/www.dfaff.com\/pt\/wp-json\/wp\/v2\/users\/3"}],"replies":[{"embeddable":true,"href":"https:\/\/www.dfaff.com\/pt\/wp-json\/wp\/v2\/comments?post=348"}],"version-history":[{"count":73,"href":"https:\/\/www.dfaff.com\/pt\/wp-json\/wp\/v2\/pages\/348\/revisions"}],"predecessor-version":[{"id":928,"href":"https:\/\/www.dfaff.com\/pt\/wp-json\/wp\/v2\/pages\/348\/revisions\/928"}],"wp:attachment":[{"href":"https:\/\/www.dfaff.com\/pt\/wp-json\/wp\/v2\/media?parent=348"}],"curies":[{"name":"wp","href":"https:\/\/api.w.org\/{rel}","templated":true}]}}