{"id":346,"date":"2018-08-01T01:16:17","date_gmt":"2018-08-01T01:16:17","guid":{"rendered":"https:\/\/www.dafabetaffiliates.com\/pt\/?page_id=346"},"modified":"2019-02-08T06:33:52","modified_gmt":"2019-02-08T06:33:52","slug":"privacy-policy","status":"publish","type":"page","link":"https:\/\/www.dfaff.com\/pt\/privacy-policy\/","title":{"rendered":"Pol\u00edtica de Privacidade"},"content":{"rendered":"<p style=\"text-align: center;\">Pol\u00edtica de privacidade da Dafabet<\/p>\n<p style=\"text-align: left;\">Esta Pol\u00edtica de Privacidade abrange o site Dafabet e suas respectivas p\u00e1ginas, subp\u00e1ginas, subdom\u00ednios ou se\u00e7\u00e3o da mesma, localizada ou acess\u00edvel atrav\u00e9s do nome de dom\u00ednio: www.dafabet.com (os &#8220;Websites&#8221;).<\/p>\n<p style=\"text-align: left;\">Esta Pol\u00edtica de Privacidade estabelece a base pela qual processamos informa\u00e7\u00f5es pessoais que coletamos de voc\u00ea ou que voc\u00ea nos fornecer\u00e1.<\/p>\n<p style=\"text-align: left;\">Por favor, leia a pol\u00edtica abaixo usando os sites. Ao aceitar a Pol\u00edtica de Privacidade, concorda que compreende e aceita o uso da sua informa\u00e7\u00e3o pessoal, tal como explicitado nesta Pol\u00edtica de Privacidade. Se n\u00e3o concordar com os Termos desta Pol\u00edtica de Privacidade, por favor n\u00e3o utilize a p\u00e1gina web nem nos forne\u00e7a informa\u00e7\u00e3o pessoal<\/p>\n<p style=\"text-align: left;\">Altera\u00e7\u00f5es \u00e0 Nossa Pol\u00edtica de Privacidade<\/p>\n<p style=\"text-align: left;\">Nos reservamos o direito, a qualquer momento, de alterar esta Pol\u00edtica de Privacidade. Qualquer altera\u00e7\u00e3o ser\u00e1 obrigat\u00f3ria e efetiva imediatamente ap\u00f3s a publica\u00e7\u00e3o das altera\u00e7\u00f5es no site. A data em que a atual Pol\u00edtica de Privacidade entrou em vigor ser\u00e1 indicada no topo desta p\u00e1gina para refer\u00eancia.<\/p>\n<p style=\"text-align: left;\">Conformidade<\/p>\n<p style=\"text-align: left;\">Esta Pol\u00edtica de Privacidade est\u00e1 em estrita conformidade com a legisla\u00e7\u00e3o relevante de prote\u00e7\u00e3o de dados, incluindo a Lei de Prote\u00e7\u00e3o de Dados do Reino Unido de 1998.<\/p>\n<p style=\"text-align: left;\">A Dafabet tamb\u00e9m consulta regularmente as leis de privacidade da UE e as diretrizes da Organiza\u00e7\u00e3o para Coopera\u00e7\u00e3o e Desenvolvimento Econ\u00f4mico (OCDE) para garantir a privacidade de seus jogadores.<\/p>\n<p style=\"text-align: left;\">Informa\u00e7\u00e3o geral<\/p>\n<p style=\"text-align: left;\">Ao acessar a Internet, os navegadores ou o software cliente podem transmitir informa\u00e7\u00f5es para os servidores que hospedam os sites que voc\u00ea visita. Essas informa\u00e7\u00f5es gerar\u00e3o estat\u00edsticas sobre os visitantes do site, que ser\u00e3o usadas para fins de marketing e nos ajudar\u00e3o a melhorar a experi\u00eancia do usu\u00e1rio.<\/p>\n<p style=\"text-align: left;\">Dados pessoais e informa\u00e7\u00f5es recolhidas<\/p>\n<p style=\"text-align: left;\">N\u00f3s coletamos suas informa\u00e7\u00f5es pessoais que podem nos ajudar a identific\u00e1-lo. Esta informa\u00e7\u00e3o pode incluir, mas n\u00e3o est\u00e1 limitada a:<\/p>\n<p style=\"text-align: left;\">Informa\u00e7\u00f5es que voc\u00ea fornece ao abrir uma conta conosco, como seu nome, endere\u00e7o de e-mail, n\u00famero de telefone, data de nascimento e quaisquer outros detalhes obrigat\u00f3rios que possam ser exigidos, que nos permitir\u00e3o configurar e gerenciar sua conta.<\/p>\n<p style=\"text-align: left;\">Se voc\u00ea entrar em contato conosco, poderemos manter registros de sua correspond\u00eancia.<\/p>\n<p style=\"text-align: left;\">Quaisquer dados que voc\u00ea possa fornecer como resultado de uma promo\u00e7\u00e3o ou competi\u00e7\u00e3o de marketing.<\/p>\n<p style=\"text-align: left;\">Detalhes de sua atividade de jogos ou apostas nos sites.<\/p>\n<p style=\"text-align: left;\">Sua intera\u00e7\u00e3o com nossos agentes de atendimento ao cliente (via telefone ou chat). Estes podem ser gravados ou salvos para nos ajudar na forma\u00e7\u00e3o, gest\u00e3o de qualidade e para permitir a r\u00e1pida resolu\u00e7\u00e3o de preocupa\u00e7\u00f5es e consultas.<\/p>\n<p style=\"text-align: left;\">Al\u00e9m disso, esses detalhes nos permitir\u00e3o contat\u00e1-lo para diferentes prop\u00f3sitos e oferecer o melhor servi\u00e7o que podemos oferecer. Essas informa\u00e7\u00f5es pessoais tamb\u00e9m ser\u00e3o usadas para fins de marketing, para notific\u00e1-lo sempre que tivermos ofertas especiais, promo\u00e7\u00f5es e eventos.<\/p>\n<p style=\"text-align: left;\">Voc\u00ea reconhece que as informa\u00e7\u00f5es fornecidas por voc\u00ea podem corresponder a dados pessoais ou confidenciais nos termos da Lei de Prote\u00e7\u00e3o de Dados de 1998 e, ao usar os Sites, voc\u00ea d\u00e1 seu consentimento para que seus dados sejam processados \u200b\u200bconforme previsto nesta pol\u00edtica.<\/p>\n<p style=\"text-align: left;\">Divulga\u00e7\u00e3o sobre o uso de suas informa\u00e7\u00f5es<\/p>\n<p style=\"text-align: left;\">Ao registrar uma conta conosco, voc\u00ea aceita que possamos reter suas informa\u00e7\u00f5es de usu\u00e1rio e que elas podem ser mantidas por n\u00f3s ou fornecidas a uma empresa terceirizada que as processe em nosso nome.<\/p>\n<p style=\"text-align: left;\">Suas informa\u00e7\u00f5es podem ser processadas como, mas n\u00e3o se limitando \u00e0s seguintes inst\u00e2ncias:<\/p>\n<p style=\"text-align: left;\">Para gerenciamento de contas e processamento de suas transa\u00e7\u00f5es em nossos sites.<\/p>\n<p style=\"text-align: left;\">Fornecimento de servi\u00e7os de jogos e apostas.<\/p>\n<p style=\"text-align: left;\">Para fins de verifica\u00e7\u00e3o e identifica\u00e7\u00e3o, como garantir que voc\u00ea \u00e9 maior de idade e n\u00e3o reside em nenhum dos territ\u00f3rios restritos, conforme especificado nos Termos de Uso do Site.<\/p>\n<p style=\"text-align: left;\">Para personalizar o material de marketing de acordo com sua prefer\u00eancia.<\/p>\n<p style=\"text-align: left;\">Para diagn\u00f3sticos e manuten\u00e7\u00e3o de sites.<\/p>\n<p style=\"text-align: left;\">Para monitorar e melhorar os servi\u00e7os do site.<\/p>\n<p style=\"text-align: left;\">Para gerenciamento de riscos, detec\u00e7\u00e3o de fraudes e conformidade com lavagem de dinheiro.<\/p>\n<p style=\"text-align: left;\">Para conformidade com quaisquer requisitos legais ou regulamentares.<\/p>\n<p style=\"text-align: left;\">A pedido de nossos provedores de software (que tamb\u00e9m est\u00e3o vinculados aos termos desta pol\u00edtica) durante o fornecimento de suporte e servi\u00e7os relacionados.<\/p>\n<p style=\"text-align: left;\">Tamb\u00e9m nos reservamos o direito de realizar an\u00e1lises estat\u00edsticas do comportamento e das caracter\u00edsticas do usu\u00e1rio, a fim de medir o interesse e o uso das diversas \u00e1reas dos sites e, al\u00e9m disso, informar os anunciantes sobre essas informa\u00e7\u00f5es, bem como o n\u00famero de usu\u00e1rios. foram expostos ou que clicaram em seus banners de publicidade. Forneceremos apenas dados agregados dessas an\u00e1lises a terceiros.<\/p>\n<p style=\"text-align: left;\">Dafabet \u00e9 membro de v\u00e1rias associa\u00e7\u00f5es destinadas a proteger a integridade dos esportes e apostas, a fim de evitar a manipula\u00e7\u00e3o de competi\u00e7\u00f5es. Como tal, as partes (Dafabet e as respectivas associa\u00e7\u00f5es) se reservam o direito de acessar e compartilhar seus dados para fins de monitoramento de atividades de apostas.<\/p>\n<p style=\"text-align: left;\">Voc\u00ea pode marcar as caixas apropriadas no formul\u00e1rio de inscri\u00e7\u00e3o se desejar receber informa\u00e7\u00f5es sobre ofertas promocionais. Se a qualquer momento voc\u00ea desejar alterar essas elei\u00e7\u00f5es, entre em contato com nosso representante de atendimento ao cliente.<\/p>\n<p style=\"text-align: left;\">Ganhos<\/p>\n<p style=\"text-align: left;\">Para fins de marketing e promocionais, reservamo-nos o direito de publicar nos sites e outros materiais promocionais detalhes de qualquer um dos seus ganhos e \/ ou pr\u00eamios recebidos. Podemos publicar seus nomes de usu\u00e1rio ou nomes abreviados, o valor da vit\u00f3ria e qualquer outra informa\u00e7\u00e3o para promover os sites, quando necess\u00e1rio.<\/p>\n<p style=\"text-align: left;\">Seguran\u00e7a<\/p>\n<p style=\"text-align: left;\">Mantemos o m\u00e1ximo poss\u00edvel de meios para garantir que suas informa\u00e7\u00f5es permane\u00e7am seguras conosco. Todas as informa\u00e7\u00f5es s\u00e3o transferidas usando tecnologias de criptografia e, uma vez armazenadas em nossos servidores, s\u00e3o mantidas seguras usando as mais recentes tecnologias dispon\u00edveis atualmente. Tanto o site quanto o software usam todos os meios dispon\u00edveis para manter a precis\u00e3o e a privacidade dos dados e para proteger seus dados contra uso indevido e \/ ou perdido.<\/p>\n<p style=\"text-align: left;\">Como a seguran\u00e7a de todas as comunica\u00e7\u00f5es via internet n\u00e3o \u00e9 completamente segura, n\u00e3o podemos garantir a seguran\u00e7a de qualquer informa\u00e7\u00e3o que voc\u00ea nos fornecer no curso do fornecimento de nossos servi\u00e7os. Ao usar os sites, voc\u00ea reconhece e aceita as implica\u00e7\u00f5es de seguran\u00e7a inerentes ao uso da Internet e n\u00e3o nos responsabilizamos por quaisquer perdas ou danos diretos, consequenciais, incidentais ou punitivos decorrentes de tal ocorr\u00eancia.<\/p>\n<p style=\"text-align: left;\">Por gentileza, observe que manteremos suas informa\u00e7\u00f5es por tanto tempo quanto for razoavelmente necess\u00e1rio para os prop\u00f3sitos para os quais foram obtidas. Podemos ser obrigados, em certos casos, a reter suas informa\u00e7\u00f5es por um per\u00edodo indeterminado.<\/p>\n<p style=\"text-align: left;\">Cookies<\/p>\n<p style=\"text-align: left;\">Os jogadores devem observar que as informa\u00e7\u00f5es e dados pessoais podem ser automaticamente coletados e armazenados durante o processo de registro atrav\u00e9s do uso de Cookies. Um &#8220;cookie&#8221; \u00e9 uma pequena informa\u00e7\u00e3o enviada por um servidor da Web para um navegador da Web, que permite ao servidor coletar informa\u00e7\u00f5es do navegador. Usamos cookies para rastrear seus padr\u00f5es de navega\u00e7\u00e3o e criar um perfil demogr\u00e1fico. Ao monitorar esses padr\u00f5es e agrupar os dados capturados, podemos melhorar nossos servi\u00e7os para voc\u00ea. O sistema de afiliados usa cookies como parte do processo de rastreamento para os afiliados de refer\u00eancia.<\/p>\n<p style=\"text-align: left;\">Existe um procedimento simples na maioria dos navegadores que permite negar ou aceitar o recurso Cookie se voc\u00ea n\u00e3o quiser informa\u00e7\u00f5es coletadas atrav\u00e9s do uso de Cookies. Observe, no entanto, que os servi\u00e7os &#8220;personalizados&#8221; podem ser afetados se a op\u00e7\u00e3o de cookie estiver desabilitada.<\/p>\n<p style=\"text-align: left;\">Destrui\u00e7\u00e3o de dados<\/p>\n<p style=\"text-align: left;\">O descarte seguro \u00e9 necess\u00e1rio para todas as m\u00eddias relacionadas ao site de produ\u00e7\u00e3o de jogos interativos da empresa, independentemente das informa\u00e7\u00f5es nele contidas.<\/p>\n<p style=\"text-align: left;\">Acesso a dados e atualiza\u00e7\u00f5es<\/p>\n<p style=\"text-align: left;\">Os usu\u00e1rios podem, a qualquer momento, fazer uma solicita\u00e7\u00e3o por escrito para uma c\u00f3pia de suas informa\u00e7\u00f5es pessoais armazenadas por n\u00f3s nos endere\u00e7os indicados abaixo. Vamos divulgar a voc\u00ea seus dados pessoais mantidos por n\u00f3s. Voc\u00ea tamb\u00e9m pode nos notificar de quaisquer atualiza\u00e7\u00f5es, corre\u00e7\u00f5es e corre\u00e7\u00f5es de informa\u00e7\u00f5es de usu\u00e1rios previamente coletadas, entrando em contato com o nosso Suporte ao Cliente. Al\u00e9m disso, mediante sua solicita\u00e7\u00e3o, excluiremos as informa\u00e7\u00f5es do usu\u00e1rio conforme descrito acima em nosso banco de dados; no entanto, pode ser imposs\u00edvel excluir sua entrada sem algumas informa\u00e7\u00f5es residuais remanescentes devido a backups e registros de exclus\u00f5es.<\/p>\n<p style=\"text-align: left;\">A Dafabet reserva-se o direito de alterar, modificar ou alterar esta Pol\u00edtica de Privacidade a qualquer momento. Todas essas modifica\u00e7\u00f5es ser\u00e3o publicadas nesta Pol\u00edtica de Privacidade. Os clientes s\u00e3o respons\u00e1veis \u200b\u200bpor verificar periodicamente a Pol\u00edtica de Privacidade publicada nesta p\u00e1gina.<\/p>\n<p style=\"text-align: left;\">Esta p\u00e1gina foi modificada em 16 de setembro de 2015.<\/p>\n<p style=\"text-align: left;\">Contato<\/p>\n<p style=\"text-align: left;\">Se voc\u00ea tiver alguma d\u00favida ou coment\u00e1rio sobre esta pol\u00edtica, entre em contato conosco atrav\u00e9s do nosso Suporte ao Cliente, cujos detalhes podem ser encontrados na se\u00e7\u00e3o Fale Conosco e Ajuda do Site.<\/p>\n","protected":false},"excerpt":{"rendered":"Pol\u00edtica de privacidade da Dafabet Esta Pol\u00edtica de Privacidade abrange o site Dafabet e suas respectivas p\u00e1ginas, subp\u00e1ginas, subdom\u00ednios ou se\u00e7\u00e3o da mesma, localizada ou acess\u00edvel atrav\u00e9s do nome de dom\u00ednio: www.dafabet.com (os &#8220;Websites&#8221;). Esta Pol\u00edtica de Privacidade estabelece a base pela qual processamos informa\u00e7\u00f5es pessoais que coletamos de voc\u00ea ou que voc\u00ea nos fornecer\u00e1&#8230;. <a class=\"view-article\" href=\"https:\/\/www.dfaff.com\/pt\/privacy-policy\/\">View Article<\/a>","protected":false},"author":3,"featured_media":0,"parent":0,"menu_order":0,"comment_status":"closed","ping_status":"closed","template":"","meta":{"_acf_changed":false,"footnotes":""},"class_list":["post-346","page","type-page","status-publish","hentry"],"acf":[],"yoast_head":"<!-- This site is optimized with the Yoast SEO plugin v27.5 - https:\/\/yoast.com\/product\/yoast-seo-wordpress\/ -->\n<title>Pol\u00edtica de Privacidade - Programa de Marketing de Afiliados na Dafabet.com<\/title>\n<meta name=\"robots\" content=\"index, follow, max-snippet:-1, max-image-preview:large, max-video-preview:-1\" \/>\n<link rel=\"canonical\" href=\"https:\/\/www.dfaff.com\/pt\/privacy-policy\/\" \/>\n<meta property=\"og:locale\" content=\"en_US\" \/>\n<meta property=\"og:type\" content=\"article\" \/>\n<meta property=\"og:title\" content=\"Pol\u00edtica de Privacidade - Programa de Marketing de Afiliados na Dafabet.com\" \/>\n<meta property=\"og:description\" content=\"Pol\u00edtica de privacidade da Dafabet Esta Pol\u00edtica de Privacidade abrange o site Dafabet e suas respectivas p\u00e1ginas, subp\u00e1ginas, subdom\u00ednios ou se\u00e7\u00e3o da mesma, localizada ou acess\u00edvel atrav\u00e9s do nome de dom\u00ednio: www.dafabet.com (os &#8220;Websites&#8221;). Esta Pol\u00edtica de Privacidade estabelece a base pela qual processamos informa\u00e7\u00f5es pessoais que coletamos de voc\u00ea ou que voc\u00ea nos fornecer\u00e1.... View Article\" \/>\n<meta property=\"og:url\" content=\"https:\/\/www.dfaff.com\/pt\/privacy-policy\/\" \/>\n<meta property=\"og:site_name\" content=\"Programa de Marketing de Afiliados na Dafabet.com\" \/>\n<meta property=\"article:modified_time\" content=\"2019-02-08T06:33:52+00:00\" \/>\n<meta name=\"twitter:card\" content=\"summary_large_image\" \/>\n<meta name=\"twitter:label1\" content=\"Est. reading time\" \/>\n\t<meta name=\"twitter:data1\" content=\"8 minutes\" \/>\n<script type=\"application\/ld+json\" class=\"yoast-schema-graph\">{\"@context\":\"https:\\\/\\\/schema.org\",\"@graph\":[{\"@type\":\"WebPage\",\"@id\":\"https:\\\/\\\/www.dfaff.com\\\/pt\\\/privacy-policy\\\/\",\"url\":\"https:\\\/\\\/www.dfaff.com\\\/pt\\\/privacy-policy\\\/\",\"name\":\"Pol\u00edtica de Privacidade - Programa de Marketing de Afiliados na Dafabet.com\",\"isPartOf\":{\"@id\":\"https:\\\/\\\/www.dfaff.com\\\/pt\\\/#website\"},\"datePublished\":\"2018-08-01T01:16:17+00:00\",\"dateModified\":\"2019-02-08T06:33:52+00:00\",\"breadcrumb\":{\"@id\":\"https:\\\/\\\/www.dfaff.com\\\/pt\\\/privacy-policy\\\/#breadcrumb\"},\"inLanguage\":\"en-US\",\"potentialAction\":[{\"@type\":\"ReadAction\",\"target\":[\"https:\\\/\\\/www.dfaff.com\\\/pt\\\/privacy-policy\\\/\"]}]},{\"@type\":\"BreadcrumbList\",\"@id\":\"https:\\\/\\\/www.dfaff.com\\\/pt\\\/privacy-policy\\\/#breadcrumb\",\"itemListElement\":[{\"@type\":\"ListItem\",\"position\":1,\"name\":\"Home\",\"item\":\"https:\\\/\\\/www.dfaff.com\\\/pt\\\/\"},{\"@type\":\"ListItem\",\"position\":2,\"name\":\"Pol\u00edtica de Privacidade\"}]},{\"@type\":\"WebSite\",\"@id\":\"https:\\\/\\\/www.dfaff.com\\\/pt\\\/#website\",\"url\":\"https:\\\/\\\/www.dfaff.com\\\/pt\\\/\",\"name\":\"Programa de Marketing de Afiliados na Dafabet.com\",\"description\":\"\",\"potentialAction\":[{\"@type\":\"SearchAction\",\"target\":{\"@type\":\"EntryPoint\",\"urlTemplate\":\"https:\\\/\\\/www.dfaff.com\\\/pt\\\/?s={search_term_string}\"},\"query-input\":{\"@type\":\"PropertyValueSpecification\",\"valueRequired\":true,\"valueName\":\"search_term_string\"}}],\"inLanguage\":\"en-US\"}]}<\/script>\n<!-- \/ Yoast SEO plugin. -->","yoast_head_json":{"title":"Pol\u00edtica de Privacidade - Programa de Marketing de Afiliados na Dafabet.com","robots":{"index":"index","follow":"follow","max-snippet":"max-snippet:-1","max-image-preview":"max-image-preview:large","max-video-preview":"max-video-preview:-1"},"canonical":"https:\/\/www.dfaff.com\/pt\/privacy-policy\/","og_locale":"en_US","og_type":"article","og_title":"Pol\u00edtica de Privacidade - Programa de Marketing de Afiliados na Dafabet.com","og_description":"Pol\u00edtica de privacidade da Dafabet Esta Pol\u00edtica de Privacidade abrange o site Dafabet e suas respectivas p\u00e1ginas, subp\u00e1ginas, subdom\u00ednios ou se\u00e7\u00e3o da mesma, localizada ou acess\u00edvel atrav\u00e9s do nome de dom\u00ednio: www.dafabet.com (os &#8220;Websites&#8221;). Esta Pol\u00edtica de Privacidade estabelece a base pela qual processamos informa\u00e7\u00f5es pessoais que coletamos de voc\u00ea ou que voc\u00ea nos fornecer\u00e1.... View Article","og_url":"https:\/\/www.dfaff.com\/pt\/privacy-policy\/","og_site_name":"Programa de Marketing de Afiliados na Dafabet.com","article_modified_time":"2019-02-08T06:33:52+00:00","twitter_card":"summary_large_image","twitter_misc":{"Est. reading time":"8 minutes"},"schema":{"@context":"https:\/\/schema.org","@graph":[{"@type":"WebPage","@id":"https:\/\/www.dfaff.com\/pt\/privacy-policy\/","url":"https:\/\/www.dfaff.com\/pt\/privacy-policy\/","name":"Pol\u00edtica de Privacidade - Programa de Marketing de Afiliados na Dafabet.com","isPartOf":{"@id":"https:\/\/www.dfaff.com\/pt\/#website"},"datePublished":"2018-08-01T01:16:17+00:00","dateModified":"2019-02-08T06:33:52+00:00","breadcrumb":{"@id":"https:\/\/www.dfaff.com\/pt\/privacy-policy\/#breadcrumb"},"inLanguage":"en-US","potentialAction":[{"@type":"ReadAction","target":["https:\/\/www.dfaff.com\/pt\/privacy-policy\/"]}]},{"@type":"BreadcrumbList","@id":"https:\/\/www.dfaff.com\/pt\/privacy-policy\/#breadcrumb","itemListElement":[{"@type":"ListItem","position":1,"name":"Home","item":"https:\/\/www.dfaff.com\/pt\/"},{"@type":"ListItem","position":2,"name":"Pol\u00edtica de Privacidade"}]},{"@type":"WebSite","@id":"https:\/\/www.dfaff.com\/pt\/#website","url":"https:\/\/www.dfaff.com\/pt\/","name":"Programa de Marketing de Afiliados na Dafabet.com","description":"","potentialAction":[{"@type":"SearchAction","target":{"@type":"EntryPoint","urlTemplate":"https:\/\/www.dfaff.com\/pt\/?s={search_term_string}"},"query-input":{"@type":"PropertyValueSpecification","valueRequired":true,"valueName":"search_term_string"}}],"inLanguage":"en-US"}]}},"_links":{"self":[{"href":"https:\/\/www.dfaff.com\/pt\/wp-json\/wp\/v2\/pages\/346","targetHints":{"allow":["GET"]}}],"collection":[{"href":"https:\/\/www.dfaff.com\/pt\/wp-json\/wp\/v2\/pages"}],"about":[{"href":"https:\/\/www.dfaff.com\/pt\/wp-json\/wp\/v2\/types\/page"}],"author":[{"embeddable":true,"href":"https:\/\/www.dfaff.com\/pt\/wp-json\/wp\/v2\/users\/3"}],"replies":[{"embeddable":true,"href":"https:\/\/www.dfaff.com\/pt\/wp-json\/wp\/v2\/comments?post=346"}],"version-history":[{"count":18,"href":"https:\/\/www.dfaff.com\/pt\/wp-json\/wp\/v2\/pages\/346\/revisions"}],"predecessor-version":[{"id":827,"href":"https:\/\/www.dfaff.com\/pt\/wp-json\/wp\/v2\/pages\/346\/revisions\/827"}],"wp:attachment":[{"href":"https:\/\/www.dfaff.com\/pt\/wp-json\/wp\/v2\/media?parent=346"}],"curies":[{"name":"wp","href":"https:\/\/api.w.org\/{rel}","templated":true}]}}